{"id":8,"date":"2025-12-04T11:38:20","date_gmt":"2025-12-04T11:38:20","guid":{"rendered":"https:\/\/futuredemo.org\/?page_id=8"},"modified":"2026-04-07T15:37:59","modified_gmt":"2026-04-07T15:37:59","slug":"contact","status":"publish","type":"page","link":"https:\/\/futuredemo.org\/index.php\/contact\/","title":{"rendered":"Contact"},"content":{"rendered":"\n<h2 class=\"wp-block-heading\">Team:<\/h2>\n\n\n\n<h3 class=\"wp-block-heading\">Veli-Valtteri Lehtonen<\/h3>\n\n\n\n<figure class=\"wp-block-image size-full is-resized\"><img decoding=\"async\" src=\"https:\/\/futuredemo.org\/wp-content\/uploads\/2026\/02\/Veli-profile-27.2.2026.jpg\" alt=\"\" class=\"wp-image-266\" style=\"aspect-ratio:1.333242264872618;object-fit:cover;width:450px\"\/><\/figure>\n\n\n\n<div class=\"wp-block-columns is-layout-flex wp-container-core-columns-is-layout-9d6595d7 wp-block-columns-is-layout-flex\">\n<div class=\"wp-block-column is-vertically-aligned-center is-layout-flow wp-block-column-is-layout-flow\">\n<p class=\"has-text-align-left\" style=\"font-size:20px\">Chairman (puheenjohtaja) (Network on Future Democracy Finnish Office ry)<br>Lead Coordinator (Student Network on Future Democracy)<br>Project manager (Arki: Democracy in Everyday Life)<\/p>\n\n\n\n<p><\/p>\n\n\n\n<p style=\"font-size:20px\"><br><br><strong>Email:<\/strong> lehtonen@futuredemo.org<\/p>\n<\/div>\n\n\n\n<div class=\"wp-block-column is-vertically-aligned-top is-layout-flow wp-block-column-is-layout-flow\">\n<p class=\"has-text-align-center\" style=\"font-size:24px\"><em>I am a founding member of SNFD, which has been a passion project of mine. I wanted to do something that would make it possible to turn democratic ideals into something practical. I wanted to create a space where we could design, in detail, what a better democratic society might look like.<\/em><\/p>\n<\/div>\n<\/div>\n\n\n\n\n\n\n\n\n\n<h3 class=\"wp-block-heading\">Ema Hor\u0148\u00e1\u010dkov\u00e1&nbsp;<\/h3>\n\n\n\n<figure class=\"wp-block-image size-large is-resized\"><img loading=\"lazy\" decoding=\"async\" width=\"835\" height=\"1024\" src=\"https:\/\/futuredemo.org\/wp-content\/uploads\/2026\/04\/EmaProfile-835x1024.jpeg\" alt=\"\" class=\"wp-image-401\" style=\"width:350px\" srcset=\"https:\/\/futuredemo.org\/wp-content\/uploads\/2026\/04\/EmaProfile-835x1024.jpeg 835w, https:\/\/futuredemo.org\/wp-content\/uploads\/2026\/04\/EmaProfile-245x300.jpeg 245w, https:\/\/futuredemo.org\/wp-content\/uploads\/2026\/04\/EmaProfile-768x942.jpeg 768w, https:\/\/futuredemo.org\/wp-content\/uploads\/2026\/04\/EmaProfile-1252x1536.jpeg 1252w, https:\/\/futuredemo.org\/wp-content\/uploads\/2026\/04\/EmaProfile-1200x1472.jpeg 1200w, https:\/\/futuredemo.org\/wp-content\/uploads\/2026\/04\/EmaProfile.jpeg 1304w\" sizes=\"auto, (max-width: 835px) 100vw, 835px\" \/><\/figure>\n\n\n\n<p style=\"font-size:20px\">Deputy Coordinator &amp; Project Manager&nbsp;(Digital Awareness)<\/p>\n\n\n\n<p style=\"font-size:20px\"><strong>Email:<\/strong> hornackova@futuredemo.org<\/p>\n\n\n\n<h3 class=\"wp-block-heading\">Andreea Vrabie<\/h3>\n\n\n\n<div class=\"wp-block-columns are-vertically-aligned-top is-layout-flex wp-container-core-columns-is-layout-9d6595d7 wp-block-columns-is-layout-flex\">\n<div class=\"wp-block-column is-vertically-aligned-top is-layout-flow wp-block-column-is-layout-flow\">\n<figure class=\"wp-block-image size-large is-resized\"><img loading=\"lazy\" decoding=\"async\" width=\"576\" height=\"1024\" src=\"https:\/\/futuredemo.org\/wp-content\/uploads\/2026\/03\/WhatsApp-Image-2026-03-26-at-12.21.20-1-576x1024.jpeg\" alt=\"\" class=\"wp-image-310\" style=\"aspect-ratio:0.5625154741272592;object-fit:cover;width:350px\" srcset=\"https:\/\/futuredemo.org\/wp-content\/uploads\/2026\/03\/WhatsApp-Image-2026-03-26-at-12.21.20-1-576x1024.jpeg 576w, https:\/\/futuredemo.org\/wp-content\/uploads\/2026\/03\/WhatsApp-Image-2026-03-26-at-12.21.20-1-169x300.jpeg 169w, https:\/\/futuredemo.org\/wp-content\/uploads\/2026\/03\/WhatsApp-Image-2026-03-26-at-12.21.20-1-768x1365.jpeg 768w, https:\/\/futuredemo.org\/wp-content\/uploads\/2026\/03\/WhatsApp-Image-2026-03-26-at-12.21.20-1-864x1536.jpeg 864w, https:\/\/futuredemo.org\/wp-content\/uploads\/2026\/03\/WhatsApp-Image-2026-03-26-at-12.21.20-1.jpeg 1152w\" sizes=\"auto, (max-width: 576px) 100vw, 576px\" \/><\/figure>\n\n\n\n<p class=\"has-text-align-left\" style=\"font-size:20px\">Administrative Coordinator (SNFD)<br>Secretary (Future Demo ry)<br>Forum Coordinator<\/p>\n<\/div>\n\n\n\n<div class=\"wp-block-column is-vertically-aligned-top is-layout-flow wp-block-column-is-layout-flow\">\n<p class=\"has-text-align-center\" style=\"font-size:24px\"><em>I&#8217;m currently finishing a Master\u2019s in Russian and Eurasian Studies at Uppsala University where I focus on electoral integrity and strategic communication. Outside of that, I\u2019m really interested in creating spaces where democratic participation feels real and accessible. I joined the SNFD because it lets young people figure out what their democratic ideals look like in practice.<\/em><\/p>\n<\/div>\n<\/div>\n\n\n\n<p class=\"has-text-align-left\" style=\"font-size:20px\"><strong>Email:<\/strong> vrabie@futuredemo.org<\/p>\n\n\n\n<h3 class=\"wp-block-heading\">Benjamin Ahmedbegovic<\/h3>\n\n\n\n<figure class=\"wp-block-image size-full is-resized\"><img loading=\"lazy\" decoding=\"async\" width=\"953\" height=\"689\" src=\"https:\/\/futuredemo.org\/wp-content\/uploads\/2026\/04\/BenjaminProfile.jpeg\" alt=\"\" class=\"wp-image-381\" style=\"aspect-ratio:1.383219954648526;object-fit:cover;width:350px\" srcset=\"https:\/\/futuredemo.org\/wp-content\/uploads\/2026\/04\/BenjaminProfile.jpeg 953w, https:\/\/futuredemo.org\/wp-content\/uploads\/2026\/04\/BenjaminProfile-300x217.jpeg 300w, https:\/\/futuredemo.org\/wp-content\/uploads\/2026\/04\/BenjaminProfile-768x555.jpeg 768w\" sizes=\"auto, (max-width: 953px) 100vw, 953px\" \/><\/figure>\n\n\n\n<p style=\"font-size:20px\">Project Manager (Voting Around the World)<br>Project Officer (Arki: Democracy in Everyday Life)<\/p>\n\n\n\n<h3 class=\"wp-block-heading\">Zeenab Taher<\/h3>\n\n\n\n<figure class=\"wp-block-image size-full is-resized\"><img decoding=\"async\" src=\"https:\/\/futuredemo.org\/wp-content\/uploads\/2026\/03\/MG_8314.jpg\" alt=\"\" class=\"wp-image-320\" style=\"aspect-ratio:1.5000384231153463;object-fit:cover;width:350px\"\/><\/figure>\n\n\n\n<p style=\"font-size:20px\">Financial Officer&nbsp;&amp; IT<\/p>\n\n\n\n<p><strong>Email<\/strong>: taher@futuredemo.org<\/p>\n\n\n\n<h3 class=\"wp-block-heading\">Fatma Nur Ekmekci&nbsp;<\/h3>\n\n\n\n<figure class=\"wp-block-image size-full is-resized\"><img loading=\"lazy\" decoding=\"async\" width=\"756\" height=\"771\" src=\"https:\/\/futuredemo.org\/wp-content\/uploads\/2026\/04\/FatmaProfile.jpeg\" alt=\"\" class=\"wp-image-378\" style=\"aspect-ratio:0.9805596021499975;object-fit:cover;width:350px\" srcset=\"https:\/\/futuredemo.org\/wp-content\/uploads\/2026\/04\/FatmaProfile.jpeg 756w, https:\/\/futuredemo.org\/wp-content\/uploads\/2026\/04\/FatmaProfile-294x300.jpeg 294w\" sizes=\"auto, (max-width: 756px) 100vw, 756px\" \/><\/figure>\n\n\n\n<p style=\"font-size:20px\">Speaking Club Organizer&nbsp;<\/p>\n\n\n\n<h3 class=\"wp-block-heading\">Ay\u00e7a Alara \u00d6ner<\/h3>\n\n\n\n<figure class=\"wp-block-image size-large is-resized\"><img loading=\"lazy\" decoding=\"async\" width=\"1024\" height=\"964\" src=\"https:\/\/futuredemo.org\/wp-content\/uploads\/2026\/04\/AycaProfile-1-1024x964.jpeg\" alt=\"\" class=\"wp-image-379\" style=\"aspect-ratio:1.0622551153678712;object-fit:cover;width:350px\" srcset=\"https:\/\/futuredemo.org\/wp-content\/uploads\/2026\/04\/AycaProfile-1-1024x964.jpeg 1024w, https:\/\/futuredemo.org\/wp-content\/uploads\/2026\/04\/AycaProfile-1-300x283.jpeg 300w, https:\/\/futuredemo.org\/wp-content\/uploads\/2026\/04\/AycaProfile-1-768x723.jpeg 768w, https:\/\/futuredemo.org\/wp-content\/uploads\/2026\/04\/AycaProfile-1-1200x1130.jpeg 1200w, https:\/\/futuredemo.org\/wp-content\/uploads\/2026\/04\/AycaProfile-1.jpeg 1440w\" sizes=\"auto, (max-width: 1024px) 100vw, 1024px\" \/><\/figure>\n\n\n\n<p style=\"font-size:20px\">Project Manager (Democratic Education Simulations)<\/p>\n\n\n\n<p style=\"font-size:20px\"><strong>Email:<\/strong> oner@futuredemo.org<\/p>\n\n\n\n<h3 class=\"wp-block-heading\">Mehharmma Tanoli<\/h3>\n\n\n\n<figure class=\"wp-block-image size-large is-resized\"><img loading=\"lazy\" decoding=\"async\" width=\"979\" height=\"1024\" src=\"https:\/\/futuredemo.org\/wp-content\/uploads\/2026\/04\/MehharmmaProfile-979x1024.jpeg\" alt=\"\" class=\"wp-image-376\" style=\"aspect-ratio:0.9560660234118626;width:350px\" srcset=\"https:\/\/futuredemo.org\/wp-content\/uploads\/2026\/04\/MehharmmaProfile-979x1024.jpeg 979w, https:\/\/futuredemo.org\/wp-content\/uploads\/2026\/04\/MehharmmaProfile-287x300.jpeg 287w, https:\/\/futuredemo.org\/wp-content\/uploads\/2026\/04\/MehharmmaProfile-768x803.jpeg 768w, https:\/\/futuredemo.org\/wp-content\/uploads\/2026\/04\/MehharmmaProfile-1200x1255.jpeg 1200w, https:\/\/futuredemo.org\/wp-content\/uploads\/2026\/04\/MehharmmaProfile.jpeg 1440w\" sizes=\"auto, (max-width: 979px) 100vw, 979px\" \/><\/figure>\n\n\n\n<p style=\"font-size:20px\">Project Manager (Democratic Education: Democracy Decoded)<\/p>\n\n\n\n<p style=\"font-size:20px\"><strong>Email: <\/strong>tanoli@futuredemo.org<\/p>\n\n\n\n<p><\/p>\n\n\n\n<h3 class=\"wp-block-heading\">Amarachukwu Teteh<\/h3>\n\n\n\n<p style=\"font-size:20px\">Communications Manager<\/p>\n\n\n\n\n\n<h3 class=\"wp-block-heading\">Agata Holik<\/h3>\n\n\n\n<p style=\"font-size:20px\">Communications Consultant<\/p>\n\n\n\n\n\n<h3 class=\"wp-block-heading\">Daniel Aho<\/h3>\n\n\n\n<p style=\"font-size:20px\">Veritas Society Ukraine Cooperation<\/p>\n\n\n\n<p style=\"font-size:20px\"><strong>Email:<\/strong> aho@futuredemo.org<\/p>\n\n\n","protected":false},"excerpt":{"rendered":"<p>Team: Veli-Valtteri Lehtonen Chairman (puheenjohtaja) (Network on Future Democracy Finnish Office ry)Lead Coordinator (Student Network on Future Democracy)Project manager (Arki: Democracy in Everyday Life) Email: lehtonen@futuredemo.org I am a founding member of SNFD, which has been a passion project of mine. I wanted to do something that would make it possible to turn democratic ideals [&hellip;]<\/p>\n","protected":false},"author":1,"featured_media":0,"parent":0,"menu_order":0,"comment_status":"closed","ping_status":"closed","template":"","meta":{"footnotes":""},"class_list":["post-8","page","type-page","status-publish","hentry"],"_links":{"self":[{"href":"https:\/\/futuredemo.org\/index.php\/wp-json\/wp\/v2\/pages\/8","targetHints":{"allow":["GET"]}}],"collection":[{"href":"https:\/\/futuredemo.org\/index.php\/wp-json\/wp\/v2\/pages"}],"about":[{"href":"https:\/\/futuredemo.org\/index.php\/wp-json\/wp\/v2\/types\/page"}],"author":[{"embeddable":true,"href":"https:\/\/futuredemo.org\/index.php\/wp-json\/wp\/v2\/users\/1"}],"replies":[{"embeddable":true,"href":"https:\/\/futuredemo.org\/index.php\/wp-json\/wp\/v2\/comments?post=8"}],"version-history":[{"count":48,"href":"https:\/\/futuredemo.org\/index.php\/wp-json\/wp\/v2\/pages\/8\/revisions"}],"predecessor-version":[{"id":405,"href":"https:\/\/futuredemo.org\/index.php\/wp-json\/wp\/v2\/pages\/8\/revisions\/405"}],"wp:attachment":[{"href":"https:\/\/futuredemo.org\/index.php\/wp-json\/wp\/v2\/media?parent=8"}],"curies":[{"name":"wp","href":"https:\/\/api.w.org\/{rel}","templated":true}]}}